{"id":147,"date":"2020-03-02T00:44:58","date_gmt":"2020-03-01T23:44:58","guid":{"rendered":"http:\/\/test.vesterbrospejderne.dk\/?page_id=147"},"modified":"2024-03-22T17:53:50","modified_gmt":"2024-03-22T16:53:50","slug":"fra-17-aar-voksenspejder","status":"publish","type":"page","link":"https:\/\/vesterbrospejderne.dk\/index.php\/fra-17-aar-voksenspejder\/","title":{"rendered":"Fra 17 \u00e5r \/ Voksenspejder"},"content":{"rendered":"\n<div class=\"wp-block-columns is-layout-flex wp-container-2\">\n<div class=\"wp-block-column is-layout-flow\" style=\"flex-basis:100%\">\n<div class=\"wp-block-themeisle-blocks-advanced-columns has-1-columns has-desktop-equal-layout has-tablet-equal-layout has-mobile-equal-layout has-default-gap has-vertical-unset\" id=\"wp-block-themeisle-blocks-advanced-columns-68038d93\"><div class=\"wp-block-themeisle-blocks-advanced-columns-overlay\"><\/div><div class=\"innerblocks-wrap\">\n<div class=\"wp-block-themeisle-blocks-advanced-column\" id=\"wp-block-themeisle-blocks-advanced-column-1600068c\">\n<p>Hos Vesterbrospejderne er man fra 17 \u00e5r og opefter voksenspejder eller rover.  Det er \u00e5bent, fordi alle kan tilmelde sig fra gang til gang, hvad enten man er medlem af Vesterbrospejderne eller ej.<\/p>\n<p>Aktiviteterne er meget varierende, men konceptet er helt fast. N\u00e5r vi m\u00f8des er det for at arbejde med et helt konkret emne, som udl\u00f8ser et m\u00e6rke fx Svampem\u00e6rket, Baristam\u00e6rket eller Ukrudtsm\u00e6rket.<\/p>\n<p><strong>Det sociale er i fokus<\/strong>\nN\u00e5r vi m\u00f8des, handler det dels om noget fagligt, men ogs\u00e5 i h\u00f8j grad om at have det rart sammen. Relationerne mellem spejdergruppens voksne medlemmer styrkes, og det er en vigtig del af konceptet for voksenspejder.<\/p>\n<figure class=\"wp-block-image size-large\"><img decoding=\"async\" loading=\"lazy\" width=\"512\" height=\"342\" class=\"wp-image-148\" src=\"https:\/\/vesterbrospejderne.dk\/wp-content\/uploads\/2020\/03\/voksen.jpg\" alt=\"\" srcset=\"https:\/\/vesterbrospejderne.dk\/wp-content\/uploads\/2020\/03\/voksen.jpg 512w, https:\/\/vesterbrospejderne.dk\/wp-content\/uploads\/2020\/03\/voksen-300x200.jpg 300w, https:\/\/vesterbrospejderne.dk\/wp-content\/uploads\/2020\/03\/voksen-360x240.jpg 360w\" sizes=\"(max-width: 512px) 100vw, 512px\" \/><\/figure>\n<p><strong>Praktisk og indmeldelse\n<\/strong>Det koster 150 kr. i kvartalet at v\u00e6re medlem.\nSkriv til os med sp\u00f8rgsm\u00e5l eller meld dig ind via hjemmesiden.<\/p>\n<h2>Tilmeld nu!<\/h2>\n<p>\nHer kan du tilmelde dig Vesterbrospejdernes aktuelle ture og arrangementer samt betale kontingent. Det er muligt at betale med langt de fleste betalingskort.\n<\/p>\n<figure class=\"wp-block-image\"><a rel=\"noreferrer noopener\" href=\"https:\/\/vesterbrospejderne.nemtilmeld.dk\/\" target=\"_blank\"><img decoding=\"async\" loading=\"lazy\" width=\"300\" height=\"163\" class=\"wp-image-149\" src=\"http:\/\/test.vesterbrospejderne.dk\/wp-content\/uploads\/2020\/03\/Nem-Tilmeld-1.png\" alt=\"\"><\/a><\/figure>\n<\/div>\n<\/div><\/div>\n<\/div>\n<\/div>\n","protected":false},"excerpt":{"rendered":"<p>Hos Vesterbrospejderne er man fra 17 \u00e5r og opefter voksenspejder eller rover. Det er \u00e5bent, fordi alle kan tilmelde sig fra gang til gang, hvad enten man er medlem af Vesterbrospejderne eller ej. Aktiviteterne er meget varierende, men konceptet er helt fast. N\u00e5r vi m\u00f8des er det for at arbejde [&hellip;]<\/p>\n","protected":false},"author":2,"featured_media":0,"parent":0,"menu_order":0,"comment_status":"closed","ping_status":"closed","template":"","meta":[],"_links":{"self":[{"href":"https:\/\/vesterbrospejderne.dk\/index.php\/wp-json\/wp\/v2\/pages\/147"}],"collection":[{"href":"https:\/\/vesterbrospejderne.dk\/index.php\/wp-json\/wp\/v2\/pages"}],"about":[{"href":"https:\/\/vesterbrospejderne.dk\/index.php\/wp-json\/wp\/v2\/types\/page"}],"author":[{"embeddable":true,"href":"https:\/\/vesterbrospejderne.dk\/index.php\/wp-json\/wp\/v2\/users\/2"}],"replies":[{"embeddable":true,"href":"https:\/\/vesterbrospejderne.dk\/index.php\/wp-json\/wp\/v2\/comments?post=147"}],"version-history":[{"count":4,"href":"https:\/\/vesterbrospejderne.dk\/index.php\/wp-json\/wp\/v2\/pages\/147\/revisions"}],"predecessor-version":[{"id":288,"href":"https:\/\/vesterbrospejderne.dk\/index.php\/wp-json\/wp\/v2\/pages\/147\/revisions\/288"}],"wp:attachment":[{"href":"https:\/\/vesterbrospejderne.dk\/index.php\/wp-json\/wp\/v2\/media?parent=147"}],"curies":[{"name":"wp","href":"https:\/\/api.w.org\/{rel}","templated":true}]}}