{"id":158,"date":"2020-03-02T00:54:11","date_gmt":"2020-03-01T23:54:11","guid":{"rendered":"http:\/\/test.vesterbrospejderne.dk\/?page_id=158"},"modified":"2024-09-12T15:55:08","modified_gmt":"2024-09-12T13:55:08","slug":"bliv-spejder","status":"publish","type":"page","link":"https:\/\/vesterbrospejderne.dk\/index.php\/bliv-spejder\/","title":{"rendered":"Bliv Spejder"},"content":{"rendered":"\n<div class=\"wp-block-themeisle-blocks-advanced-columns alignfull has-2-columns has-desktop-twoOne-layout has-tablet-equal-layout has-mobile-collapsedRows-layout has-default-gap has-vertical-unset\" id=\"wp-block-themeisle-blocks-advanced-columns-4546b987\"><div class=\"wp-block-themeisle-blocks-advanced-columns-overlay\"><\/div><div class=\"innerblocks-wrap\">\n<div class=\"wp-block-themeisle-blocks-advanced-column\" id=\"wp-block-themeisle-blocks-advanced-column-336ba006\">\n<h4>Indmeldelse<\/h4><\/div>\nVi er en lille spejdergruppe og vores spejdere er i \u00f8jeblikket 10 &#8211; 13 \u00e5r. Du skal derfor v\u00e6re i denne aldersgruppe for at kunne blive indmeldt. <div class=\"wp-block-themeisle-blocks-advanced-columns alignfull has-2-columns has-desktop-twoOne-layout has-tablet-equal-layout has-mobile-collapsedRows-layout has-default-gap has-vertical-unset\" id=\"wp-block-themeisle-blocks-advanced-columns-4546b987\"><div class=\"innerblocks-wrap\"><div class=\"wp-block-themeisle-blocks-advanced-column\" id=\"wp-block-themeisle-blocks-advanced-column-336ba006\">\n<p>Vi har i \u00f8jeblikket ikke venteliste. <\/p>\n<p><a href=\"https:\/\/medlemsservice.spejdernet.dk\/member\/signup\/0502\">\u00c5bn link her til b\u00e5de indmeldelse og venteliste<\/a><\/p>\n<h4>Fripladser<\/h4><\/div><\/div><\/div>\nVi har i alt fem fripladser hos vesterbrospejderne. Du kan s\u00f8ge en friplads ved at sende en ans\u00f8gning til vesterbrospejderne@gmail.com. <div class=\"wp-block-themeisle-blocks-advanced-columns alignfull has-2-columns has-desktop-twoOne-layout has-tablet-equal-layout has-mobile-collapsedRows-layout has-default-gap has-vertical-unset\" id=\"wp-block-themeisle-blocks-advanced-columns-4546b987\"><div class=\"innerblocks-wrap\"><div class=\"wp-block-themeisle-blocks-advanced-column\" id=\"wp-block-themeisle-blocks-advanced-column-336ba006\">\n<h4> Udmeldelse<\/h4>\n<p>\n\u00d8nsker du at blive meldt ud, skal det ske skriftligt. Vi vil fortsat opkr\u00e6ve kontingent, til du har meldt dig ud.\n<\/p>\n<\/div>\n<div class=\"wp-block-themeisle-blocks-advanced-column\" id=\"wp-block-themeisle-blocks-advanced-column-3ab512a7\">\n<figure class=\"wp-block-image size-large\"><a rel=\"noreferrer noopener\" href=\"http:\/\/test.vesterbrospejderne.dk\/index.php\/187-2\/\" target=\"_blank\"><img decoding=\"async\" loading=\"lazy\" width=\"680\" height=\"360\" class=\"wp-image-159\" src=\"https:\/\/vesterbrospejderne.dk\/wp-content\/uploads\/2020\/03\/Ledere-2-1.jpg\" alt=\"\" srcset=\"https:\/\/vesterbrospejderne.dk\/wp-content\/uploads\/2020\/03\/Ledere-2-1.jpg 680w, https:\/\/vesterbrospejderne.dk\/wp-content\/uploads\/2020\/03\/Ledere-2-1-300x159.jpg 300w\" sizes=\"(max-width: 680px) 100vw, 680px\" \/><\/a><\/figure>\n<p>Bliv en del af Vesterbrospejdernes f\u00e6llesskab, mens du udvikler dine evner inden for ledelse, aktivitetsudvikling, kommunikation og alt muligt andet. Vi har lige nu flere ledige stillinger hos Vesterbrospejderne. Om du har erfaring med spejder eller ej, h\u00f8rer vi gerne fra dig. <\/p>\n<\/div>\n<\/div><\/div>\n","protected":false},"excerpt":{"rendered":"<p>Indmeldelse Vi er en lille spejdergruppe og vores spejdere er i \u00f8jeblikket 10 &#8211; 13 \u00e5r. Du skal derfor v\u00e6re i denne aldersgruppe for at kunne blive indmeldt. Vi har i \u00f8jeblikket ikke venteliste. \u00c5bn link her til b\u00e5de indmeldelse og venteliste Fripladser Vi har i alt fem fripladser hos [&hellip;]<\/p>\n","protected":false},"author":2,"featured_media":0,"parent":0,"menu_order":0,"comment_status":"closed","ping_status":"closed","template":"","meta":[],"_links":{"self":[{"href":"https:\/\/vesterbrospejderne.dk\/index.php\/wp-json\/wp\/v2\/pages\/158"}],"collection":[{"href":"https:\/\/vesterbrospejderne.dk\/index.php\/wp-json\/wp\/v2\/pages"}],"about":[{"href":"https:\/\/vesterbrospejderne.dk\/index.php\/wp-json\/wp\/v2\/types\/page"}],"author":[{"embeddable":true,"href":"https:\/\/vesterbrospejderne.dk\/index.php\/wp-json\/wp\/v2\/users\/2"}],"replies":[{"embeddable":true,"href":"https:\/\/vesterbrospejderne.dk\/index.php\/wp-json\/wp\/v2\/comments?post=158"}],"version-history":[{"count":17,"href":"https:\/\/vesterbrospejderne.dk\/index.php\/wp-json\/wp\/v2\/pages\/158\/revisions"}],"predecessor-version":[{"id":320,"href":"https:\/\/vesterbrospejderne.dk\/index.php\/wp-json\/wp\/v2\/pages\/158\/revisions\/320"}],"wp:attachment":[{"href":"https:\/\/vesterbrospejderne.dk\/index.php\/wp-json\/wp\/v2\/media?parent=158"}],"curies":[{"name":"wp","href":"https:\/\/api.w.org\/{rel}","templated":true}]}}