{"id":170,"date":"2020-03-02T01:08:15","date_gmt":"2020-03-02T00:08:15","guid":{"rendered":"http:\/\/test.vesterbrospejderne.dk\/?page_id=170"},"modified":"2020-03-02T01:08:34","modified_gmt":"2020-03-02T00:08:34","slug":"pakkeliste","status":"publish","type":"page","link":"https:\/\/vesterbrospejderne.dk\/index.php\/pakkeliste\/","title":{"rendered":"Pakkeliste"},"content":{"rendered":"\n<div class=\"wp-block-themeisle-blocks-advanced-columns alignfull has-1-columns has-desktop-equal-layout has-tablet-equal-layout has-mobile-equal-layout has-default-gap has-vertical-unset\" id=\"wp-block-themeisle-blocks-advanced-columns-757b70a8\" style=\"border-width:0px;border-style:solid;border-color:#000000;border-radius:0px;justify-content:unset\"><div class=\"wp-themeisle-block-overlay\" style=\"opacity:0.5;mix-blend-mode:normal\"><\/div><div class=\"innerblocks-wrap\">\n<div class=\"wp-block-themeisle-blocks-advanced-column\" id=\"wp-block-themeisle-blocks-advanced-column-0c2cadb4\" style=\"border-width:0px;border-style:solid;border-color:#000000;border-radius:0px\">\n<p>N\u00e5r man skal p\u00e5 tur, er det vigtigt at have udstyret i orden. Ligegyldigt om det er en endagstur eller en sommerlejr. For med t\u00f8rre f\u00f8dder uden vabler er det bare meget sjovere, og man har meget mere overskud til b\u00e5de venner og aktiviteter.<\/p>\n\n\n\n<p>Der er en del udstyr forbundet med at v\u00e6re p\u00e5 spejdertur, og det kan v\u00e6re en jungle at finde ud af, hvad der er n\u00f8dvendigt. Vi fors\u00f8ger her at give nogle gode r\u00e5d, men t\u00f8v ikke med at sp\u00f8rge din leder.<\/p>\n\n\n\n<p><strong>God r\u00e5d<\/strong><br>\u2013 Priorit\u00e9r godt fodt\u00f8j<\/p>\n\n\n\n<p>\u2013 Husk en god sovepose! Det er ofte koldere at sove ude, end man forestiller sig.<\/p>\n\n\n\n<p>\u2013 Pak alt&nbsp;i \u00e9n rygs\u00e6k, s\u00e5 du selv kan b\u00e6re alle dine ting<\/p>\n\n\n\n<p>\u2013 Lad spejderen pakke sin egen taske, evt. med hj\u00e6lp<\/p>\n\n\n\n<p>\u2013 S\u00e6t navn p\u00e5 dine ting, til service kan du bruge neglelak<\/p>\n\n\n\n<p>L\u00e6s ogs\u00e5&nbsp;<a href=\"http:\/\/scoutzone.dk\/blog\/blogpost\/god-tips-til-rygsaekken\/\">dette indl\u00e6g&nbsp;<\/a>om en spejders anbefalinger.<\/p>\n\n\n\n<div class=\"wp-block-image\"><figure class=\"alignright is-resized\"><img decoding=\"async\" loading=\"lazy\" src=\"http:\/\/test.vesterbrospejderne.dk\/wp-content\/uploads\/2019\/09\/1004650_522608951138514_1198445316_n.jpg\" alt=\"\" class=\"wp-image-26\" width=\"333\" height=\"250\" srcset=\"https:\/\/vesterbrospejderne.dk\/wp-content\/uploads\/2019\/09\/1004650_522608951138514_1198445316_n.jpg 960w, https:\/\/vesterbrospejderne.dk\/wp-content\/uploads\/2019\/09\/1004650_522608951138514_1198445316_n-300x225.jpg 300w, https:\/\/vesterbrospejderne.dk\/wp-content\/uploads\/2019\/09\/1004650_522608951138514_1198445316_n-768x576.jpg 768w\" sizes=\"(max-width: 333px) 100vw, 333px\" \/><\/figure><\/div>\n\n\n\n<p><strong>Pakkeliste<\/strong><br>\u2013 Uniform og t\u00f8rkl\u00e6de<br>\u2013 Sovepose<br>\u2013 Liggeunderlag<br>\u2013&nbsp;Et par skiftebukser<br>\u2013&nbsp;En T-shirt pr. dag<br>\u2013&nbsp;En varm tr\u00f8je<br>\u2013&nbsp;Et par str\u00f8mper pr. dag<br>\u2013&nbsp;Et s\u00e6t undert\u00f8j pr. dag<br>\u2013 Vandt\u00e6t fodt\u00f8j<br>\u2013 Regnt\u00f8j<br>\u2013 Sommerhalv\u00e5r: Badet\u00f8j<br>\u2013 Snaveset\u00f8jspose<br>\u2013 Drikkedunk (gerne i metal)<br>\u2013 Spisegrej: Tallerken (ikke porcel\u00e6n), bestik, kop, viskestykke<br>\u2013 Toiletsager: Tandb\u00f8rste, tandpasta, h\u00e5ndkl\u00e6de, vaskeklud, s\u00e6be i hylster, solcreme<br>\u2013 Evt. medicin og hygiejnebind<br>\u2013 Lommelygte<br>\u2013 Til&nbsp;ture inden d\u00f8re: Hjemmesko<br>\u2013 Evt. sangbog<br>\u2013 Evt. dolk<br>\u2013 Evt. b\u00e5lkappe<\/p>\n<\/div>\n<\/div><\/div>\n","protected":false},"excerpt":{"rendered":"","protected":false},"author":2,"featured_media":0,"parent":0,"menu_order":0,"comment_status":"closed","ping_status":"closed","template":"","meta":[],"_links":{"self":[{"href":"https:\/\/vesterbrospejderne.dk\/index.php\/wp-json\/wp\/v2\/pages\/170"}],"collection":[{"href":"https:\/\/vesterbrospejderne.dk\/index.php\/wp-json\/wp\/v2\/pages"}],"about":[{"href":"https:\/\/vesterbrospejderne.dk\/index.php\/wp-json\/wp\/v2\/types\/page"}],"author":[{"embeddable":true,"href":"https:\/\/vesterbrospejderne.dk\/index.php\/wp-json\/wp\/v2\/users\/2"}],"replies":[{"embeddable":true,"href":"https:\/\/vesterbrospejderne.dk\/index.php\/wp-json\/wp\/v2\/comments?post=170"}],"version-history":[{"count":2,"href":"https:\/\/vesterbrospejderne.dk\/index.php\/wp-json\/wp\/v2\/pages\/170\/revisions"}],"predecessor-version":[{"id":174,"href":"https:\/\/vesterbrospejderne.dk\/index.php\/wp-json\/wp\/v2\/pages\/170\/revisions\/174"}],"wp:attachment":[{"href":"https:\/\/vesterbrospejderne.dk\/index.php\/wp-json\/wp\/v2\/media?parent=170"}],"curies":[{"name":"wp","href":"https:\/\/api.w.org\/{rel}","templated":true}]}}