{"id":177,"date":"2020-03-02T01:12:21","date_gmt":"2020-03-02T00:12:21","guid":{"rendered":"http:\/\/test.vesterbrospejderne.dk\/?page_id=177"},"modified":"2020-03-02T01:12:22","modified_gmt":"2020-03-02T00:12:22","slug":"knivregler","status":"publish","type":"page","link":"https:\/\/vesterbrospejderne.dk\/index.php\/knivregler\/","title":{"rendered":"Knivregler"},"content":{"rendered":"\n<div class=\"wp-block-themeisle-blocks-advanced-columns alignfull has-1-columns has-desktop-equal-layout has-tablet-equal-layout has-mobile-equal-layout has-default-gap has-vertical-unset\" id=\"wp-block-themeisle-blocks-advanced-columns-0cbd7c9a\" style=\"border-width:0px;border-style:solid;border-color:#000000;border-radius:0px;justify-content:unset\"><div class=\"wp-themeisle-block-overlay\" style=\"opacity:0.5;mix-blend-mode:normal\"><\/div><div class=\"innerblocks-wrap\">\n<div class=\"wp-block-themeisle-blocks-advanced-column\" id=\"wp-block-themeisle-blocks-advanced-column-23efadc1\" style=\"border-width:0px;border-style:solid;border-color:#000000;border-radius:0px\">\n<p style=\"text-align:left\"><strong>Vesterbrospejdernes ledere har vedtaget f\u00f8lgende regler for gruppens medlemmer omkring anvendelse af kniv<\/strong><\/p>\n\n\n\n<p>Man m\u00e5 kun medbringe egen dolk eller kniv p\u00e5 weekendture og lejre. Ved aktiviteter i byzonen udleverer Vesterbrospejderne knive, s\u00e5fremt spejderne f\u00e5r brug for dem til en aktivitet.<\/p>\n\n\n\n<p>Kun spejdere der har taget knivbevis m\u00e5 g\u00e5 med egen dolk i b\u00e6ltet p\u00e5 ture og lejre samt anvende dolk uden ledernes opsyn.<\/p>\n\n\n\n<p>Spejdere der endnu ikke har knivbevis m\u00e5 kun anvende dolk med tilladelse fra og under opsyn af en leder.<\/p>\n\n\n\n<p>Knivbevis tages som ulv \u2013 med mindre man begynder som spejder efter ulvealderen \u2013 og kan inddrages ved uforsvarlig optr\u00e6den med knive. Det er enhedslederen, der inddrager og tilbageoverdrager et knivbevis.<\/p>\n\n\n\n<p>Knivreglernes fasts\u00e6ttes af Vesterbrospejdernes lederstab p\u00e5 et lederm\u00f8de.<\/p>\n\n\n\n<p><strong>Skarp kniv<\/strong><\/p>\n\n\n\n<p>Det er vigtigt at holde sin kniv ren og skarp. Se her p\u00e5 videoen, hvordan du kan slibe den hjemme eller til spejder.<\/p>\n\n\n\n<figure class=\"wp-block-embed-youtube wp-block-embed is-type-video is-provider-youtube wp-embed-aspect-16-9 wp-has-aspect-ratio\"><div class=\"wp-block-embed__wrapper\">\n<iframe loading=\"lazy\" title=\"S\u00e5dan sliber du en kniv\" width=\"750\" height=\"422\" src=\"https:\/\/www.youtube.com\/embed\/98iIgmPRRCY?feature=oembed\" frameborder=\"0\" allow=\"accelerometer; autoplay; encrypted-media; gyroscope; picture-in-picture\" allowfullscreen><\/iframe>\n<\/div><\/figure>\n<\/div>\n<\/div><\/div>\n","protected":false},"excerpt":{"rendered":"","protected":false},"author":2,"featured_media":0,"parent":0,"menu_order":0,"comment_status":"closed","ping_status":"closed","template":"","meta":[],"_links":{"self":[{"href":"https:\/\/vesterbrospejderne.dk\/index.php\/wp-json\/wp\/v2\/pages\/177"}],"collection":[{"href":"https:\/\/vesterbrospejderne.dk\/index.php\/wp-json\/wp\/v2\/pages"}],"about":[{"href":"https:\/\/vesterbrospejderne.dk\/index.php\/wp-json\/wp\/v2\/types\/page"}],"author":[{"embeddable":true,"href":"https:\/\/vesterbrospejderne.dk\/index.php\/wp-json\/wp\/v2\/users\/2"}],"replies":[{"embeddable":true,"href":"https:\/\/vesterbrospejderne.dk\/index.php\/wp-json\/wp\/v2\/comments?post=177"}],"version-history":[{"count":1,"href":"https:\/\/vesterbrospejderne.dk\/index.php\/wp-json\/wp\/v2\/pages\/177\/revisions"}],"predecessor-version":[{"id":178,"href":"https:\/\/vesterbrospejderne.dk\/index.php\/wp-json\/wp\/v2\/pages\/177\/revisions\/178"}],"wp:attachment":[{"href":"https:\/\/vesterbrospejderne.dk\/index.php\/wp-json\/wp\/v2\/media?parent=177"}],"curies":[{"name":"wp","href":"https:\/\/api.w.org\/{rel}","templated":true}]}}