{"id":187,"date":"2020-03-02T01:20:37","date_gmt":"2020-03-02T00:20:37","guid":{"rendered":"http:\/\/test.vesterbrospejderne.dk\/?page_id=187"},"modified":"2024-03-22T17:55:39","modified_gmt":"2024-03-22T16:55:39","slug":"187-2","status":"publish","type":"page","link":"https:\/\/vesterbrospejderne.dk\/index.php\/187-2\/","title":{"rendered":"Kontakt"},"content":{"rendered":"\n<div class=\"wp-block-columns is-layout-flex wp-container-2\">\n<div class=\"wp-block-column is-layout-flow\" style=\"flex-basis:100%\">\n<div class=\"wp-block-themeisle-blocks-advanced-columns alignfull has-2-columns has-desktop-equal-layout has-tablet-equal-layout has-mobile-collapsedRows-layout has-default-gap has-vertical-unset\" id=\"wp-block-themeisle-blocks-advanced-columns-5dd96561\"><div class=\"wp-block-themeisle-blocks-advanced-columns-overlay\"><\/div><div class=\"innerblocks-wrap\">\n<div class=\"wp-block-themeisle-blocks-advanced-column\" id=\"wp-block-themeisle-blocks-advanced-column-44cda74a\">\n<p><iframe loading=\"lazy\" src=\"https:\/\/www.google.com\/maps\/embed?pb=!1m18!1m12!1m3!1d2250.447346300066!2d12.538063015155027!3d55.66382070631979!2m3!1f0!2f0!3f0!3m2!1i1024!2i768!4f13.1!3m3!1m2!1s0x4652539cc09eafc1%3A0x43e6ef9d1d78317e!2sEnghave%20Kirke!5e0!3m2!1sda!2sdk!4v1583108289154!5m2!1sda!2sdk\" width=\"600\" height=\"450\" frameborder=\"0\" style=\"border:0;\" allowfullscreen=\"\"><\/iframe><\/p>\n<div class=\"wp-block-themeisle-blocks-service\">\n<p class=\"wp-block-themeisle-blocks-font-awesome-icons\" id=\"wp-block-themeisle-blocks-font-awesome-icons-483b7a70\"><span class=\"wp-block-themeisle-blocks-font-awesome-icons-container\"><i class=\"fab fa-angellist\"><\/i><\/span><\/p>\n<h4 id=\"wp-block-themeisle-blocks-advanced-heading-70afa706\" class=\"wp-block-themeisle-blocks-advanced-heading wp-block-themeisle-blocks-advanced-heading-70afa706\">Basic<\/h4>\n<p id=\"wp-block-themeisle-blocks-advanced-heading-2ae02c98\" class=\"wp-block-themeisle-blocks-advanced-heading wp-block-themeisle-blocks-advanced-heading-2ae02c98\">Lorem ipsum dolor sit amet elit do, consectetur adipiscing, sed eiusmod tempor incididunt ut labore et dolore magna aliqua.<\/p><div id=\"wp-block-themeisle-blocks-button-group-df270202\" class=\"wp-block-themeisle-blocks-button-group wp-block-buttons align-center\"><\/div><\/div>\n<\/div>\n<div class=\"wp-block-themeisle-blocks-advanced-column\" id=\"wp-block-themeisle-blocks-advanced-column-a40afc07\">\n<h2 id=\"wp-block-themeisle-blocks-advanced-heading-b7b1ac33\" class=\"wp-block-themeisle-blocks-advanced-heading wp-block-themeisle-blocks-advanced-heading-b7b1ac33\">Find os hver torsdag kl. 17-18:30<\/h2><p>Enghave kirkes k\u00e6lder\nS\u00f8nder Boulevard 120, 1720 K\u00f8benhavn V\nCVR.: 34 15 70 30\nvesterbrospejderne@gmail.com<\/p>\n<p>Konto nr. 2115-0715572966 <\/p>\n<\/div>\n<\/div><\/div>\n<\/div>\n<\/div>\n","protected":false},"excerpt":{"rendered":"<p>Basic Lorem ipsum dolor sit amet elit do, consectetur adipiscing, sed eiusmod tempor incididunt ut labore et dolore magna aliqua. Find os hver torsdag kl. 17-18:30 Enghave kirkes k\u00e6lder S\u00f8nder Boulevard 120, 1720 K\u00f8benhavn V CVR.: 34 15 70 30 vesterbrospejderne@gmail.com Konto nr. 2115-0715572966<\/p>\n","protected":false},"author":2,"featured_media":0,"parent":0,"menu_order":0,"comment_status":"closed","ping_status":"closed","template":"","meta":[],"_links":{"self":[{"href":"https:\/\/vesterbrospejderne.dk\/index.php\/wp-json\/wp\/v2\/pages\/187"}],"collection":[{"href":"https:\/\/vesterbrospejderne.dk\/index.php\/wp-json\/wp\/v2\/pages"}],"about":[{"href":"https:\/\/vesterbrospejderne.dk\/index.php\/wp-json\/wp\/v2\/types\/page"}],"author":[{"embeddable":true,"href":"https:\/\/vesterbrospejderne.dk\/index.php\/wp-json\/wp\/v2\/users\/2"}],"replies":[{"embeddable":true,"href":"https:\/\/vesterbrospejderne.dk\/index.php\/wp-json\/wp\/v2\/comments?post=187"}],"version-history":[{"count":11,"href":"https:\/\/vesterbrospejderne.dk\/index.php\/wp-json\/wp\/v2\/pages\/187\/revisions"}],"predecessor-version":[{"id":290,"href":"https:\/\/vesterbrospejderne.dk\/index.php\/wp-json\/wp\/v2\/pages\/187\/revisions\/290"}],"wp:attachment":[{"href":"https:\/\/vesterbrospejderne.dk\/index.php\/wp-json\/wp\/v2\/media?parent=187"}],"curies":[{"name":"wp","href":"https:\/\/api.w.org\/{rel}","templated":true}]}}