{"id":42,"date":"2020-03-01T21:18:01","date_gmt":"2020-03-01T20:18:01","guid":{"rendered":"http:\/\/test.vesterbrospejderne.dk\/?page_id=42"},"modified":"2024-03-22T18:09:21","modified_gmt":"2024-03-22T17:09:21","slug":"om-os","status":"publish","type":"page","link":"https:\/\/vesterbrospejderne.dk\/index.php\/om-os\/","title":{"rendered":"Om Vesterbrospejderne"},"content":{"rendered":"\n<div class=\"wp-block-themeisle-blocks-advanced-columns alignfull has-2-columns has-desktop-twoOne-layout has-tablet-equal-layout has-mobile-collapsedRows-layout has-default-gap has-vertical-unset\" id=\"wp-block-themeisle-blocks-advanced-columns-d23affcb\"><div class=\"wp-block-themeisle-blocks-advanced-columns-overlay\"><\/div><div class=\"innerblocks-wrap\">\n<div class=\"wp-block-themeisle-blocks-advanced-column\" id=\"wp-block-themeisle-blocks-advanced-column-f9b01a36\">\n<p>Vesterbrospejderne er en af KFUM-Spejdernes 500 lokale spejdergrupper, og den er en af K\u00f8benhavns kommunes mange folkeoplysende foreninger, hvor mennesker m\u00f8des p\u00e5 tv\u00e6rs af sociale lag, aldre, kulturer og uddannelsesniveau. Foreningen er stiftet&nbsp;og \u00e5bnet i august 2012, og den&nbsp;rundede allerede efter et \u00e5r 100 medlemmer.<\/p>\n<h5>En urban og nyskabende spejdergruppe<\/h5>\n<p>Vesterbrospejderne er en Urban Spejdergruppe. Alle aktiviteter tager udgangspunkt i byens faciliteter og er tilpasset de muligheder, byen rummer. Stenbroen er den perfekte ramme for godt spejderarbejde:<\/p>\n<ul><li>Det vrimler med vidt forskellige mennesker.<\/li><li>Gennem aktiviteter i gadebillede opn\u00e5r vi stor synlighed.<\/li><li>Stenbroen har parker, d\u00f8gn\u00e5bent, kulturtilbud, im\u00f8dekommenhed, \u00f8kologi, mange andre foreninger og alt n\u00f8dvendigt for en innovativ og nyskabende spejdergruppe.<\/li><\/ul>\n<figure class=\"wp-block-image size-large\"><img decoding=\"async\" loading=\"lazy\" width=\"1024\" height=\"768\" class=\"wp-image-31\" src=\"https:\/\/vesterbrospejderne.dk\/wp-content\/uploads\/2019\/09\/26850831_1638477486218316_3418647922095388137_o-1024x768.jpg\" alt=\"\" srcset=\"https:\/\/vesterbrospejderne.dk\/wp-content\/uploads\/2019\/09\/26850831_1638477486218316_3418647922095388137_o-1024x768.jpg 1024w, https:\/\/vesterbrospejderne.dk\/wp-content\/uploads\/2019\/09\/26850831_1638477486218316_3418647922095388137_o-300x225.jpg 300w, https:\/\/vesterbrospejderne.dk\/wp-content\/uploads\/2019\/09\/26850831_1638477486218316_3418647922095388137_o-768x576.jpg 768w, https:\/\/vesterbrospejderne.dk\/wp-content\/uploads\/2019\/09\/26850831_1638477486218316_3418647922095388137_o.jpg 2048w\" sizes=\"(max-width: 1024px) 100vw, 1024px\" \/><\/figure>\n<h5>En aktiv del af samfundet<\/h5>\n<p>Vesterbrospejderne vil v\u00e6re en aktiv del af samfundet ved at tage medansvar for den sammenh\u00e6ng, vi er en del af. Det g\u00f8r vi ved at udvikle b\u00f8rn og unge til ansvarsbevidste medborgere, som bliver i stand til selv at g\u00f8re en forskel i verden. Hvert \u00e5r deltager spejdergruppen i indsamling til Folkekirkens N\u00f8dhj\u00e6lp, vi tjener penge til Spejderhj\u00e6lpen, som st\u00f8tter udviklingsprojekter i den tredje verden, og vi&nbsp;etablerer enkeltst\u00e5ende projekter som eksempelvis Vesterbros Nabopark i 2015.<\/p>\n<\/div>\n<div class=\"wp-block-themeisle-blocks-advanced-column\" id=\"wp-block-themeisle-blocks-advanced-column-263b87c0\">\n<h4>Bliv Frivillig!  <\/h4>\n<figure class=\"wp-block-image size-large\"><a href=\"http:\/\/test.vesterbrospejderne.dk\/index.php\/bliv-frivillig\/\"><img decoding=\"async\" loading=\"lazy\" width=\"680\" height=\"360\" class=\"wp-image-66\" src=\"https:\/\/vesterbrospejderne.dk\/wp-content\/uploads\/2020\/03\/Ledere-2.jpg\" alt=\"\" srcset=\"https:\/\/vesterbrospejderne.dk\/wp-content\/uploads\/2020\/03\/Ledere-2.jpg 680w, https:\/\/vesterbrospejderne.dk\/wp-content\/uploads\/2020\/03\/Ledere-2-300x159.jpg 300w\" sizes=\"(max-width: 680px) 100vw, 680px\" \/><\/a><\/figure>\n<p>Bliv en del af Vesterbrospejdernes f\u00e6llesskab, mens du udvikler dine evner inden for ledelse, aktivitetsudvikling, kommunikation og alt muligt andet. Vi har lige nu flere ledige stillinger hos Vesterbrospejderne. Om du har erfaring med spejder eller ej, h\u00f8rer vi gerne fra dig. <\/p>\n<\/div>\n<\/div><\/div>\n","protected":false},"excerpt":{"rendered":"<p>Vesterbrospejderne er en af KFUM-Spejdernes 500 lokale spejdergrupper, og den er en af K\u00f8benhavns kommunes mange folkeoplysende foreninger, hvor mennesker m\u00f8des p\u00e5 tv\u00e6rs af sociale lag, aldre, kulturer og uddannelsesniveau. Foreningen er stiftet&nbsp;og \u00e5bnet i august 2012, og den&nbsp;rundede allerede efter et \u00e5r 100 medlemmer. En urban og nyskabende spejdergruppe [&hellip;]<\/p>\n","protected":false},"author":2,"featured_media":0,"parent":0,"menu_order":0,"comment_status":"closed","ping_status":"closed","template":"","meta":[],"_links":{"self":[{"href":"https:\/\/vesterbrospejderne.dk\/index.php\/wp-json\/wp\/v2\/pages\/42"}],"collection":[{"href":"https:\/\/vesterbrospejderne.dk\/index.php\/wp-json\/wp\/v2\/pages"}],"about":[{"href":"https:\/\/vesterbrospejderne.dk\/index.php\/wp-json\/wp\/v2\/types\/page"}],"author":[{"embeddable":true,"href":"https:\/\/vesterbrospejderne.dk\/index.php\/wp-json\/wp\/v2\/users\/2"}],"replies":[{"embeddable":true,"href":"https:\/\/vesterbrospejderne.dk\/index.php\/wp-json\/wp\/v2\/comments?post=42"}],"version-history":[{"count":17,"href":"https:\/\/vesterbrospejderne.dk\/index.php\/wp-json\/wp\/v2\/pages\/42\/revisions"}],"predecessor-version":[{"id":302,"href":"https:\/\/vesterbrospejderne.dk\/index.php\/wp-json\/wp\/v2\/pages\/42\/revisions\/302"}],"wp:attachment":[{"href":"https:\/\/vesterbrospejderne.dk\/index.php\/wp-json\/wp\/v2\/media?parent=42"}],"curies":[{"name":"wp","href":"https:\/\/api.w.org\/{rel}","templated":true}]}}