{"id":70,"date":"2020-03-01T22:34:06","date_gmt":"2020-03-01T21:34:06","guid":{"rendered":"http:\/\/test.vesterbrospejderne.dk\/?page_id=70"},"modified":"2024-03-22T17:33:53","modified_gmt":"2024-03-22T16:33:53","slug":"bliv-frivillig","status":"publish","type":"page","link":"https:\/\/vesterbrospejderne.dk\/index.php\/bliv-frivillig\/","title":{"rendered":"Bliv Frivillig"},"content":{"rendered":"\n<p class=\"has-black-color has-text-color\">Vesterbrospejderne er baseret p\u00e5 frivillighed og medlemskab. Alle i spejdergruppen er medlemmer og opkr\u00e6ves et kontingent p\u00e5 min. 75 kr. i kvartalet. Uniform og de b\u00f8ger mv., du m\u00e5tte have brug for som frivillig, f\u00e5r du for\u00e6ret af spejdergruppen.<\/p>\n\n\n\n<p>Alle frivillige tilbydes at deltage p\u00e5 kurser, hvor man kan f\u00e5 ny inspiration, l\u00e6re nyt og forbedre sine kompetencer. Det er vores erfaring, at mange har stort udbytte&nbsp;ved at skrive spejder p\u00e5 deres CV.<\/p>\n\n\n\n<figure class=\"wp-block-image size-large\"><img decoding=\"async\" loading=\"lazy\" width=\"680\" height=\"360\" src=\"https:\/\/vesterbrospejderne.dk\/wp-content\/uploads\/2020\/03\/Ledere-2-1.jpg\" alt=\"\" class=\"wp-image-159\" srcset=\"https:\/\/vesterbrospejderne.dk\/wp-content\/uploads\/2020\/03\/Ledere-2-1.jpg 680w, https:\/\/vesterbrospejderne.dk\/wp-content\/uploads\/2020\/03\/Ledere-2-1-300x159.jpg 300w\" sizes=\"(max-width: 680px) 100vw, 680px\" \/><\/figure>\n\n\n\n<p class=\"has-black-color has-text-color\">Alle frivillige tilbydes gratis at deltage i vores voksenspejderaktiviteter, og gennem dem samt dagligdagen i spejdergruppen vil du m\u00e6rke det st\u00e6rke f\u00e6llesskab, hvor der altid er plads til flere.<\/p>\n\n\n\n<p class=\"has-black-color has-text-color\">Hvis du er interesseret i at blive frivillig hos os skal du sende en mail til vesterbrospejderne@gmail.com. <\/p>\n\n\n<p><!--EndFragment--><\/p>\n\n\n<div class=\"wp-block-themeisle-blocks-advanced-columns alignfull has-1-columns has-desktop-equal-layout has-tablet-equal-layout has-mobile-equal-layout has-nogap-gap has-vertical-unset\" id=\"wp-block-themeisle-blocks-advanced-columns-a032ddba\"><div class=\"wp-block-themeisle-blocks-advanced-columns-overlay\"><\/div><div class=\"innerblocks-wrap\">\n\n<div class=\"wp-block-themeisle-blocks-advanced-column\" id=\"wp-block-themeisle-blocks-advanced-column-a23b1b37\"><\/div>\n\n<\/div><\/div>\n","protected":false},"excerpt":{"rendered":"<p>Vesterbrospejderne er baseret p\u00e5 frivillighed og medlemskab. Alle i spejdergruppen er medlemmer og opkr\u00e6ves et kontingent p\u00e5 min. 75 kr. i kvartalet. Uniform og de b\u00f8ger mv., du m\u00e5tte have brug for som frivillig, f\u00e5r du for\u00e6ret af spejdergruppen. Alle frivillige tilbydes at deltage p\u00e5 kurser, hvor man kan f\u00e5 [&hellip;]<\/p>\n","protected":false},"author":2,"featured_media":0,"parent":0,"menu_order":0,"comment_status":"closed","ping_status":"closed","template":"","meta":[],"_links":{"self":[{"href":"https:\/\/vesterbrospejderne.dk\/index.php\/wp-json\/wp\/v2\/pages\/70"}],"collection":[{"href":"https:\/\/vesterbrospejderne.dk\/index.php\/wp-json\/wp\/v2\/pages"}],"about":[{"href":"https:\/\/vesterbrospejderne.dk\/index.php\/wp-json\/wp\/v2\/types\/page"}],"author":[{"embeddable":true,"href":"https:\/\/vesterbrospejderne.dk\/index.php\/wp-json\/wp\/v2\/users\/2"}],"replies":[{"embeddable":true,"href":"https:\/\/vesterbrospejderne.dk\/index.php\/wp-json\/wp\/v2\/comments?post=70"}],"version-history":[{"count":12,"href":"https:\/\/vesterbrospejderne.dk\/index.php\/wp-json\/wp\/v2\/pages\/70\/revisions"}],"predecessor-version":[{"id":268,"href":"https:\/\/vesterbrospejderne.dk\/index.php\/wp-json\/wp\/v2\/pages\/70\/revisions\/268"}],"wp:attachment":[{"href":"https:\/\/vesterbrospejderne.dk\/index.php\/wp-json\/wp\/v2\/media?parent=70"}],"curies":[{"name":"wp","href":"https:\/\/api.w.org\/{rel}","templated":true}]}}