{"id":85,"date":"2020-03-01T23:30:14","date_gmt":"2020-03-01T22:30:14","guid":{"rendered":"http:\/\/test.vesterbrospejderne.dk\/?page_id=85"},"modified":"2021-08-31T16:33:50","modified_gmt":"2021-08-31T14:33:50","slug":"spejder-i-byen","status":"publish","type":"page","link":"https:\/\/vesterbrospejderne.dk\/","title":{"rendered":"Spejder i Byen"},"content":{"rendered":"\n<p> <\/p>\n\n\n\n<div class=\"wp-block-themeisle-blocks-advanced-columns alignfull has-2-columns has-desktop-twoOne-layout has-tablet-equal-layout has-mobile-collapsedRows-layout has-default-gap has-vertical-unset\" id=\"wp-block-themeisle-blocks-advanced-columns-1feaf140\"><div class=\"wp-block-themeisle-blocks-advanced-columns-overlay\"><\/div><div class=\"innerblocks-wrap\">\n<div class=\"wp-block-themeisle-blocks-advanced-column\" id=\"wp-block-themeisle-blocks-advanced-column-c3e72356\">\n<h4 class=\"wp-block-heading\">En spejdergruppe p\u00e5 stenbroen<\/h4>\n\n\n\n<p>Til spejder udvikles b\u00f8rn og unge til selvst\u00e6ndige og ansvarsbevidste samfundsborgere. Vi tager udgangspunkt i byens rum i vores aktiviteter, og vi er altid uden d\u00f8re.<\/p>\n\n\n\n<p>Spejder handler om medborgerskab \u2013 at v\u00e6re medborger&nbsp;er ikke det samme som at v\u00e6re&nbsp;borger i et samfund. Som medborger&nbsp;g\u00f8r man noget aktivt for at bakke op&nbsp;om f\u00e6llesskabet, man giver af sit overskud og skaber en bedre verden.<\/p>\n\n\n\n<figure class=\"wp-block-image alignwide size-large\"><img decoding=\"async\" loading=\"lazy\" width=\"512\" height=\"341\" src=\"https:\/\/vesterbrospejderne.dk\/wp-content\/uploads\/2020\/03\/spejdere-i-k\u00f8-1.jpg\" alt=\"\" class=\"wp-image-125\" srcset=\"https:\/\/vesterbrospejderne.dk\/wp-content\/uploads\/2020\/03\/spejdere-i-k\u00f8-1.jpg 512w, https:\/\/vesterbrospejderne.dk\/wp-content\/uploads\/2020\/03\/spejdere-i-k\u00f8-1-300x200.jpg 300w, https:\/\/vesterbrospejderne.dk\/wp-content\/uploads\/2020\/03\/spejdere-i-k\u00f8-1-360x240.jpg 360w\" sizes=\"(max-width: 512px) 100vw, 512px\" \/><\/figure>\n\n\n\n<h4 class=\"wp-block-heading\">For\u00e6ldre hj\u00e6lper til<\/h4>\n\n\n\n<p>\n\nHos Vesterbrospejderne har vi fokus p\u00e5 at tage imod hj\u00e6lp fra for\u00e6ldre. Det kan v\u00e6re hj\u00e6lp p\u00e5 et ulvem\u00f8de med afvikling af et l\u00f8b en aften eller praktisk hj\u00e6lp med indk\u00f8b til en weekendtur. Vi har erfaring med at skabe den allerbedste kvalitet, n\u00e5r vi g\u00f8r det p\u00e5 den m\u00e5de. N\u00e5r spejdernes for\u00e6ldre er med en gang imellem, l\u00e6rer vi hinanden bedre at kende p\u00e5 kryds og tv\u00e6rs, vi l\u00f8fter i flok, og det g\u00f8r det meget sjovere at v\u00e6re frivillig. \n\n<\/p>\n<\/div>\n\n\n\n<div class=\"wp-block-themeisle-blocks-advanced-column\" id=\"wp-block-themeisle-blocks-advanced-column-2ae228c8\">\n<h2 class=\"wp-block-heading\">Bliv Frivillig<\/h2>\n\n\n\n<figure class=\"wp-block-image size-large\"><a href=\"http:\/\/test.vesterbrospejderne.dk\/index.php\/bliv-frivillig\/\"><img decoding=\"async\" loading=\"lazy\" width=\"680\" height=\"360\" src=\"https:\/\/vesterbrospejderne.dk\/wp-content\/uploads\/2020\/03\/Ledere-2.jpg\" alt=\"\" class=\"wp-image-66\" srcset=\"https:\/\/vesterbrospejderne.dk\/wp-content\/uploads\/2020\/03\/Ledere-2.jpg 680w, https:\/\/vesterbrospejderne.dk\/wp-content\/uploads\/2020\/03\/Ledere-2-300x159.jpg 300w\" sizes=\"(max-width: 680px) 100vw, 680px\" \/><\/a><\/figure>\n\n\n\n<p>\n\nBliv en del af Vesterbrospejdernes f\u00e6llesskab, mens du udvikler dine evner inden ledelse, aktivitetsudvikling, kommunikation og alt muligt andet. Vi har lige nu flere ledige stillinger hos Vesterbrospejderne. Om du har erfaring med spejder eller ej, h\u00f8rer vi gerne fra dig.\n\n<\/p>\n<\/div>\n<\/div><\/div>\n","protected":false},"excerpt":{"rendered":"","protected":false},"author":2,"featured_media":0,"parent":0,"menu_order":0,"comment_status":"closed","ping_status":"closed","template":"","meta":[],"_links":{"self":[{"href":"https:\/\/vesterbrospejderne.dk\/index.php\/wp-json\/wp\/v2\/pages\/85"}],"collection":[{"href":"https:\/\/vesterbrospejderne.dk\/index.php\/wp-json\/wp\/v2\/pages"}],"about":[{"href":"https:\/\/vesterbrospejderne.dk\/index.php\/wp-json\/wp\/v2\/types\/page"}],"author":[{"embeddable":true,"href":"https:\/\/vesterbrospejderne.dk\/index.php\/wp-json\/wp\/v2\/users\/2"}],"replies":[{"embeddable":true,"href":"https:\/\/vesterbrospejderne.dk\/index.php\/wp-json\/wp\/v2\/comments?post=85"}],"version-history":[{"count":6,"href":"https:\/\/vesterbrospejderne.dk\/index.php\/wp-json\/wp\/v2\/pages\/85\/revisions"}],"predecessor-version":[{"id":239,"href":"https:\/\/vesterbrospejderne.dk\/index.php\/wp-json\/wp\/v2\/pages\/85\/revisions\/239"}],"wp:attachment":[{"href":"https:\/\/vesterbrospejderne.dk\/index.php\/wp-json\/wp\/v2\/media?parent=85"}],"curies":[{"name":"wp","href":"https:\/\/api.w.org\/{rel}","templated":true}]}}