{"id":99,"date":"2020-03-01T23:45:04","date_gmt":"2020-03-01T22:45:04","guid":{"rendered":"http:\/\/test.vesterbrospejderne.dk\/?page_id=99"},"modified":"2021-08-31T17:03:52","modified_gmt":"2021-08-31T15:03:52","slug":"vaerdier","status":"publish","type":"page","link":"https:\/\/vesterbrospejderne.dk\/index.php\/vaerdier\/","title":{"rendered":"V\u00e6rdier"},"content":{"rendered":"\n<div class=\"wp-block-themeisle-blocks-advanced-columns alignfull has-2-columns has-desktop-twoOne-layout has-tablet-equal-layout has-mobile-collapsedRows-layout has-default-gap has-vertical-unset\" id=\"wp-block-themeisle-blocks-advanced-columns-1103bd9b\"><div class=\"wp-block-themeisle-blocks-advanced-columns-overlay\"><\/div><div class=\"innerblocks-wrap\">\n<div class=\"wp-block-themeisle-blocks-advanced-column\" id=\"wp-block-themeisle-blocks-advanced-column-136a1341\">\n<h4 class=\"wp-block-heading\">Form\u00e5l<\/h4>\n\n\n\n<p>Vesterbrospejdernes form\u00e5l er at opl\u00e6re b\u00f8rn og unge til selvst\u00e6ndighed, medansvar, demokratisk livsholdning og mellemfolkelig forst\u00e5else. Som spejder l\u00e6rer man at fungere i mange sammenh\u00e6nge, fx&nbsp;i sin patrulje med j\u00e6vnaldrende b\u00f8rn, hvor den voksne leder har fortalt, hvordan en opgave skal l\u00f8ses, og s\u00e5 er det op til patruljen at f\u00e5 l\u00f8st den p\u00e5 bedste vis og med st\u00f8rst tilfredshed. En spejder l\u00e6rer&nbsp;desuden at tage aktivt del i sit samfund \u2013 b\u00e5de lokalt og globalt \u2013&nbsp;og v\u00e6re en del af et demokrati. En spejder l\u00e6rer at klare sig selv og st\u00e5 p\u00e5 egne ben.<\/p>\n\n\n\n<figure class=\"wp-block-image\"><img decoding=\"async\" loading=\"lazy\" width=\"300\" height=\"168\" src=\"http:\/\/test.vesterbrospejderne.dk\/wp-content\/uploads\/2020\/03\/Ulvene-1.jpg\" alt=\"\" class=\"wp-image-224\"\/><\/figure>\n\n\n\n<h4 class=\"wp-block-heading\">V\u00e6rdier<\/h4>\n\n\n\n<p>Spejdergruppens ledere definerede sammen i januar 2014 gruppens v\u00e6rdier. En gang \u00e5rligt afholdes lederdag, hvor vi gennemg\u00e5r v\u00e6rdierne, introducerer nye ledere til dem og tager temperaturen p\u00e5, om de stadig giver mening.<\/p>\n\n\n\n<ul><li><strong>Vesterbrospejderne leger urbant og i naturen<\/strong><ul><li>Vi tager udgangspunkt i byens rum i vores aktiviteter, og vi finder naturen p\u00e5 stenbroen. Uden d\u00f8re er der h\u00f8jt til loftet, og der er frisk luft. Vi f\u00f8lger \u00e5rets gang og kl\u00e6der os p\u00e5 til vejret \u00e5ret rundt.<\/li><\/ul><\/li><\/ul>\n\n\n\n<ul><li><strong>Vesterbrospejderne er samfundsengageret<\/strong><ul><li>Spejder handler om at give til samfundet og tage ansvar for den f\u00e6lles sammenh\u00e6ng. Det ses tydeligt i vores aktiviteter og arbejdsgange, hvor vi har stort fokus p\u00e5 milj\u00f8bevidsthed&nbsp;<em>community<\/em>-projekter og deltagelse i indsamlingsarbejde.<\/li><\/ul><\/li><\/ul>\n\n\n\n<ul><li><strong>Vesterbrospejderne bygger venskaber og f\u00e6llesskaber<\/strong><ul><li>Som spejder l\u00e6rer man at v\u00e6re en god kammerat, og man l\u00e6rer at give af sit overskud til et godt samarbejde. Og her bygges livsvarige venskaber, som f\u00e5r stor&nbsp;betydning for et liv.<\/li><\/ul><\/li><\/ul>\n\n\n\n<ul><li><strong>Vesterbrospejderne giver mangfoldighed<\/strong><ul><li>Vi har fokus p\u00e5 menneskem\u00f8der i vores arbejde, og vi har fokus p\u00e5 at se mennesket i vores medmennesker. Vi \u00f8nsker en verden med bredde og plads til alle, og det fors\u00f8ger vi at give videre til alle spejderne.<\/li><\/ul><\/li><\/ul>\n\n\n\n<ul><li><strong>Vesterbrospejderne er l\u00e6ring for livet<\/strong><ul><li>Selvom man har v\u00e6ret spejder i mange \u00e5r, kan man stadig dygtigg\u00f8re sig. At v\u00e6re spejder er l\u00e6ring for livet, ogs\u00e5 spejderledere udfordres og bliver bedre til at v\u00e6re spejderleder. Det er meget essentielt, at man&nbsp;konstant er i udvikling som spejder.<\/li><\/ul><\/li><\/ul>\n<\/div>\n\n\n\n<div class=\"wp-block-themeisle-blocks-advanced-column\" id=\"wp-block-themeisle-blocks-advanced-column-e389f61d\">\n<h3 class=\"wp-block-heading\">Bliv frivillig<\/h3>\n\n\n\n<figure class=\"wp-block-image size-large\"><a href=\"http:\/\/test.vesterbrospejderne.dk\/index.php\/bliv-frivillig\/\"><img decoding=\"async\" loading=\"lazy\" width=\"680\" height=\"360\" src=\"https:\/\/vesterbrospejderne.dk\/wp-content\/uploads\/2020\/03\/Ledere-2.jpg\" alt=\"\" class=\"wp-image-66\" srcset=\"https:\/\/vesterbrospejderne.dk\/wp-content\/uploads\/2020\/03\/Ledere-2.jpg 680w, https:\/\/vesterbrospejderne.dk\/wp-content\/uploads\/2020\/03\/Ledere-2-300x159.jpg 300w\" sizes=\"(max-width: 680px) 100vw, 680px\" \/><\/a><\/figure>\n\n\n\n<p>\n\nBliv en del af Vesterbrospejdernes f\u00e6llesskab, mens du udvikler dine evner inden ledelse, aktivitetsudvikling, kommunikation og alt muligt andet. Vi har lige nu flere ledige stillinger hos Vesterbrospejderne. Om du har erfaring med spejder eller ej, h\u00f8rer vi gerne fra dig.\n\n<\/p>\n<\/div>\n<\/div><\/div>\n","protected":false},"excerpt":{"rendered":"","protected":false},"author":2,"featured_media":0,"parent":0,"menu_order":0,"comment_status":"closed","ping_status":"closed","template":"","meta":[],"_links":{"self":[{"href":"https:\/\/vesterbrospejderne.dk\/index.php\/wp-json\/wp\/v2\/pages\/99"}],"collection":[{"href":"https:\/\/vesterbrospejderne.dk\/index.php\/wp-json\/wp\/v2\/pages"}],"about":[{"href":"https:\/\/vesterbrospejderne.dk\/index.php\/wp-json\/wp\/v2\/types\/page"}],"author":[{"embeddable":true,"href":"https:\/\/vesterbrospejderne.dk\/index.php\/wp-json\/wp\/v2\/users\/2"}],"replies":[{"embeddable":true,"href":"https:\/\/vesterbrospejderne.dk\/index.php\/wp-json\/wp\/v2\/comments?post=99"}],"version-history":[{"count":5,"href":"https:\/\/vesterbrospejderne.dk\/index.php\/wp-json\/wp\/v2\/pages\/99\/revisions"}],"predecessor-version":[{"id":255,"href":"https:\/\/vesterbrospejderne.dk\/index.php\/wp-json\/wp\/v2\/pages\/99\/revisions\/255"}],"wp:attachment":[{"href":"https:\/\/vesterbrospejderne.dk\/index.php\/wp-json\/wp\/v2\/media?parent=99"}],"curies":[{"name":"wp","href":"https:\/\/api.w.org\/{rel}","templated":true}]}}